{"id":86,"date":"2014-10-12T16:28:58","date_gmt":"2014-10-12T16:28:58","guid":{"rendered":"http:\/\/www.wcadengenharia.com.br\/portalx\/?page_id=86"},"modified":"2024-09-11T15:12:55","modified_gmt":"2024-09-11T15:12:55","slug":"estudo-de-protecoes","status":"publish","type":"page","link":"https:\/\/wcadengenharia.com.br\/portalx\/estudo-de-protecoes\/","title":{"rendered":"Estudo de Prote\u00e7\u00f5es"},"content":{"rendered":"\t\t<div data-elementor-type=\"wp-page\" data-elementor-id=\"86\" class=\"elementor elementor-86\" data-elementor-post-type=\"page\">\n\t\t\t\t<div class=\"elementor-element elementor-element-22e00fa7 e-flex e-con-boxed e-con e-parent\" data-id=\"22e00fa7\" data-element_type=\"container\" data-e-type=\"container\">\n\t\t\t\t\t<div class=\"e-con-inner\">\n\t\t\t\t<div class=\"elementor-element elementor-element-54755ee elementor-widget elementor-widget-heading\" data-id=\"54755ee\" data-element_type=\"widget\" data-e-type=\"widget\" data-widget_type=\"heading.default\">\n\t\t\t\t<div class=\"elementor-widget-container\">\n\t\t\t\t\t<h2 class=\"elementor-heading-title elementor-size-default\">Estudo de Prote\u00e7\u00f5es<\/h2>\t\t\t\t<\/div>\n\t\t\t\t<\/div>\n\t\t\t\t<div class=\"elementor-element elementor-element-79dbf7e1 elementor-widget elementor-widget-text-editor\" data-id=\"79dbf7e1\" data-element_type=\"widget\" data-e-type=\"widget\" data-widget_type=\"text-editor.default\">\n\t\t\t\t<div class=\"elementor-widget-container\">\n\t\t\t\t\t\t\t\t\t\n<p><strong>ESTUDOS DE PROTE\u00c7\u00c3O<\/strong><\/p>\n\n<p><strong>1. OBJETIVO<\/strong><\/p>\n\n<p>O objetivo do Estudo de Coordena\u00e7\u00e3o e Seletividade consiste em determinar os ajustes par\u00e2metros do dispositivo de prote\u00e7\u00e3o de forma que, na ocorr\u00eancia de um curto-circuito, opere apenas o dispositivo mais pr\u00f3ximo da falta, isolando a menor parcela do sistema el\u00e9trico, no menor tempo poss\u00edvel,protegendo pessoas e equipamentos \/ sistemas.<\/p>\n\n<p><strong>2. ESCOPO<\/strong><\/p>\n\n<p><strong>Nosso cat\u00e1logo de servi\u00e7os inclui Estudo de Coordena\u00e7\u00e3o &amp; Seletividade para os seguintes mercados:<\/strong><\/p>\n\n<ul class=\"wp-block-list\">\n<li>Building (shopping center, hospital, galp\u00f5es, pr\u00e9dio comercial, est\u00e1dios, etc) e Sistemas Industriais (determina\u00e7\u00e3o de par\u00e2metros \/ ajustes para rel\u00e9s de prote\u00e7\u00e3o);<\/li>\n\n<li>Estudo de Prote\u00e7\u00e3o para Subesta\u00e7\u00e3o \/ Cabine Prim\u00e1ria e Secund\u00e1ria em m\u00e9dia tens\u00e3o (MT);<\/li>\n\n<li>Estudo de Prote\u00e7\u00e3o para Lojas \u00c2ncoras de Shopping Center;<\/li>\n\n<li>Estudo de Prote\u00e7\u00e3o para Pain\u00e9is de Baixa Tens\u00e3o (PBTs, QGBTs, CCMs, etc);<\/li>\n\n<li>Estudo de Curto-Circuito (m\u00e9todo Compreensivo e IEC 60909);<\/li>\n\n<li>Estudo de Energia Incidente (Arc Flash Hazard);<\/li>\n\n<li>Estudo de Fluxo de Pot\u00eancia (Load Flow);<\/li>\n\n<li>Estudo de Satura\u00e7\u00e3o de Transformadores de Corrente (TCs), conforme as normas nacionais e internacionais: ABNT NBR-6856 e IEEE C37.110;<\/li>\n<\/ul>\n\n<p><strong>3. ESTUDO DE PROTE\u00c7\u00c3O<\/strong><\/p>\n\n<p>Dependendo da finalidade, o Estudo de Prote\u00e7\u00e3o contemplar\u00e1 an\u00e1lises, verifica\u00e7\u00f5es, dimensionamentos,memoriais de c\u00e1lculos e ajustes, ordem de parametriza\u00e7\u00e3o para rel\u00e9s de prote\u00e7\u00e3o, etc; conformeapresentado a seguir:<\/p>\n\n<ul class=\"wp-block-list\">\n<li>Memorial de C\u00e1lculos: pot\u00eancia instalada, demanda prevista, corrente nominal, corrente de magnetiza\u00e7\u00e3o (IINRUSH) e ponto ANSI para o transformador de pot\u00eancia da subesta\u00e7\u00e3o;<\/li>\n\n<li>Dimensionamento dos transformadores de corrente (TCs);<\/li>\n\n<li>C\u00e1lculo de satura\u00e7\u00e3o dos TCs;<\/li>\n\n<li>N\u00edveis de curto-circuito e imped\u00e2ncias consideradas no ponto de entrega da concession\u00e1ria;<\/li>\n\n<li>Memorial de C\u00e1lculos: ajustes \/ par\u00e2metros para o rel\u00e9 de prote\u00e7\u00e3o;<\/li>\n\n<li>Determina\u00e7\u00e3o das fun\u00e7\u00f5es ANSI: 50\/51 e 50N\/51 para o rel\u00e9 de prote\u00e7\u00e3o da cabine prim\u00e1ria;<\/li>\n\n<li>Ordem de Parametriza\u00e7\u00e3o para o rel\u00e9 de prote\u00e7\u00e3o;<\/li>\n\n<li>Diagrama Unifilar (simplificado) utilizado no modelamento dos estudos el\u00e9tricos;<\/li>\n\n<li>Elabora\u00e7\u00e3o de coordenogramas (gr\u00e1fico: tempo x corrente) contendo os ajustes de fase e terra do rel\u00e9 de prote\u00e7\u00e3o;<\/li>\n<\/ul>\n\n<p>Apresenta\u00e7\u00e3o nos coordenogramas dos seguintes equipamentos: curva de suportabilidade t\u00e9rmica deslocada (STD), corrente de magnetiza\u00e7\u00e3o (IINRUSH) e ponto ANSI para o transformador de pot\u00eancia da subesta\u00e7\u00e3o;<\/p>\n\n<p>Metodologia, normas nacionais e internacionais utilizadas no estudo de prote\u00e7\u00e3o: ABNT NBR 5410 Instala\u00e7\u00f5es El\u00e9tricas em Baixa tens\u00e3o, ABNT NBR 14039 \u2013 Instala\u00e7\u00f5es El\u00e9tricas em M\u00e9dia\u00a0tens\u00e3o, IEEE Std 242 &#8211; Protection and Coordination of Industrial and Commercial Power Systems e IEEE Std 141-1993 &#8211; Recommended Practice for Electric Power Distribution for Industrial Plants;<\/p>\n\n<p>Atendimento \u00e0s normas t\u00e9cnicas da concession\u00e1ria local.<\/p>\n\n<p><strong>4. RECURSOS (SOFTWARE)<\/strong><\/p>\n\n<p>Para a elabora\u00e7\u00e3o do estudo de prote\u00e7\u00e3o, ser\u00e1 utilizado o software para simula\u00e7\u00e3o de sistemas el\u00e9tricos de pot\u00eancia.<\/p>\n\t\t\t\t\t\t\t\t<\/div>\n\t\t\t\t<\/div>\n\t\t\t\t<div class=\"elementor-element elementor-element-0894ef4 elementor-widget elementor-widget-image\" data-id=\"0894ef4\" data-element_type=\"widget\" data-e-type=\"widget\" data-widget_type=\"image.default\">\n\t\t\t\t<div class=\"elementor-widget-container\">\n\t\t\t\t\t\t\t\t\t\t\t\t\t\t\t<img fetchpriority=\"high\" decoding=\"async\" width=\"415\" height=\"550\" src=\"https:\/\/wcadengenharia.com.br\/portalx\/wp-content\/uploads\/2024\/09\/estudos-de-protecao.webp\" class=\"attachment-full size-full wp-image-1453\" alt=\"\" srcset=\"https:\/\/wcadengenharia.com.br\/portalx\/wp-content\/uploads\/2024\/09\/estudos-de-protecao.webp 415w, https:\/\/wcadengenharia.com.br\/portalx\/wp-content\/uploads\/2024\/09\/estudos-de-protecao-226x300.webp 226w\" sizes=\"(max-width: 415px) 100vw, 415px\" \/>\t\t\t\t\t\t\t\t\t\t\t\t\t\t\t<\/div>\n\t\t\t\t<\/div>\n\t\t\t\t<div class=\"elementor-element elementor-element-d9d8504 elementor-widget elementor-widget-image\" data-id=\"d9d8504\" data-element_type=\"widget\" data-e-type=\"widget\" data-widget_type=\"image.default\">\n\t\t\t\t<div class=\"elementor-widget-container\">\n\t\t\t\t\t\t\t\t\t\t\t\t\t\t\t<img decoding=\"async\" width=\"925\" height=\"537\" src=\"https:\/\/wcadengenharia.com.br\/portalx\/wp-content\/uploads\/2024\/09\/estudos-de-protecao-2.webp\" class=\"attachment-full size-full wp-image-1454\" alt=\"\" srcset=\"https:\/\/wcadengenharia.com.br\/portalx\/wp-content\/uploads\/2024\/09\/estudos-de-protecao-2.webp 925w, https:\/\/wcadengenharia.com.br\/portalx\/wp-content\/uploads\/2024\/09\/estudos-de-protecao-2-300x174.webp 300w, https:\/\/wcadengenharia.com.br\/portalx\/wp-content\/uploads\/2024\/09\/estudos-de-protecao-2-768x446.webp 768w\" sizes=\"(max-width: 925px) 100vw, 925px\" \/>\t\t\t\t\t\t\t\t\t\t\t\t\t\t\t<\/div>\n\t\t\t\t<\/div>\n\t\t\t\t\t<\/div>\n\t\t\t\t<\/div>\n\t\t\t\t<\/div>\n\t\t","protected":false},"excerpt":{"rendered":"<p>Estudo de Prote\u00e7\u00f5es ESTUDOS DE PROTE\u00c7\u00c3O 1. OBJETIVO O objetivo do Estudo de Coordena\u00e7\u00e3o e Seletividade consiste em determinar os ajustes par\u00e2metros do dispositivo de prote\u00e7\u00e3o de forma que, na ocorr\u00eancia de um curto-circuito, opere apenas o dispositivo mais pr\u00f3ximo da falta, isolando a menor parcela do sistema el\u00e9trico, no menor tempo poss\u00edvel,protegendo pessoas e [&hellip;]<\/p>\n","protected":false},"author":3,"featured_media":0,"parent":0,"menu_order":0,"comment_status":"open","ping_status":"open","template":"elementor_header_footer","meta":{"footnotes":""},"class_list":["post-86","page","type-page","status-publish","hentry"],"_links":{"self":[{"href":"https:\/\/wcadengenharia.com.br\/portalx\/wp-json\/wp\/v2\/pages\/86","targetHints":{"allow":["GET"]}}],"collection":[{"href":"https:\/\/wcadengenharia.com.br\/portalx\/wp-json\/wp\/v2\/pages"}],"about":[{"href":"https:\/\/wcadengenharia.com.br\/portalx\/wp-json\/wp\/v2\/types\/page"}],"author":[{"embeddable":true,"href":"https:\/\/wcadengenharia.com.br\/portalx\/wp-json\/wp\/v2\/users\/3"}],"replies":[{"embeddable":true,"href":"https:\/\/wcadengenharia.com.br\/portalx\/wp-json\/wp\/v2\/comments?post=86"}],"version-history":[{"count":10,"href":"https:\/\/wcadengenharia.com.br\/portalx\/wp-json\/wp\/v2\/pages\/86\/revisions"}],"predecessor-version":[{"id":1457,"href":"https:\/\/wcadengenharia.com.br\/portalx\/wp-json\/wp\/v2\/pages\/86\/revisions\/1457"}],"wp:attachment":[{"href":"https:\/\/wcadengenharia.com.br\/portalx\/wp-json\/wp\/v2\/media?parent=86"}],"curies":[{"name":"wp","href":"https:\/\/api.w.org\/{rel}","templated":true}]}}