{"id":67,"date":"2014-05-25T20:24:39","date_gmt":"2014-05-25T20:24:39","guid":{"rendered":"http:\/\/www.wcadengenharia.com.br\/portalx\/?page_id=67"},"modified":"2024-09-11T15:09:53","modified_gmt":"2024-09-11T15:09:53","slug":"projetos-eletricos","status":"publish","type":"page","link":"https:\/\/wcadengenharia.com.br\/portalx\/projetos-eletricos\/","title":{"rendered":"Projetos El\u00e9tricos"},"content":{"rendered":"\t\t<div data-elementor-type=\"wp-page\" data-elementor-id=\"67\" class=\"elementor elementor-67\" data-elementor-post-type=\"page\">\n\t\t\t\t<div class=\"elementor-element elementor-element-54120c8d e-flex e-con-boxed e-con e-parent\" data-id=\"54120c8d\" data-element_type=\"container\" data-e-type=\"container\">\n\t\t\t\t\t<div class=\"e-con-inner\">\n\t\t\t\t<div class=\"elementor-element elementor-element-f7c49b5 elementor-widget elementor-widget-heading\" data-id=\"f7c49b5\" data-element_type=\"widget\" data-e-type=\"widget\" data-widget_type=\"heading.default\">\n\t\t\t\t<div class=\"elementor-widget-container\">\n\t\t\t\t\t<h2 class=\"elementor-heading-title elementor-size-default\">Projetos El\u00e9tricos<\/h2>\t\t\t\t<\/div>\n\t\t\t\t<\/div>\n\t\t\t\t<div class=\"elementor-element elementor-element-419fdcc3 elementor-widget elementor-widget-text-editor\" data-id=\"419fdcc3\" data-element_type=\"widget\" data-e-type=\"widget\" data-widget_type=\"text-editor.default\">\n\t\t\t\t<div class=\"elementor-widget-container\">\n\t\t\t\t\t\t\t\t\tDesenvolvimento de projetos de instala\u00e7\u00f5es el\u00e9tricas para edif\u00edcios novos e <em>retrofits<\/em>: de baixa e m\u00e9dia tens\u00e3o at\u00e9 13,8 kV, atendendo aos mais variados nichos de utiliza\u00e7\u00e3o predial, s\u00e3o edifica\u00e7\u00f5es com o uso residencial de baixo e alto padr\u00e3o, edif\u00edcios comerciais e plantas industriais, por \u00faltimo unidades Estabelecimentos Assistenciais de Sa\u00fade (hospitalares), com solu\u00e7\u00f5es modulares e escal\u00e1veis, atendimento as normas <strong>NBR 13.534<\/strong>, <strong>ANVISA<\/strong> <strong>RDC 50 .<\/strong>\r\n\r\nEstudo para melhor concep\u00e7\u00e3o de projeto &#8211; estudo de viabilidade para entrada de energia, aloca\u00e7\u00e3o de sala de quadros de energia el\u00e9trica e aloca\u00e7\u00e3o de geradores.\r\n\r\n<strong>Elabora\u00e7\u00e3o de projeto el\u00e9trico de instala\u00e7\u00f5es el\u00e9tricas:<\/strong>\r\n<ul>\r\n \t<li>Distribui\u00e7\u00e3o de tomadas especificas e de uso geral;<\/li>\r\n \t<li>Distribui\u00e7\u00e3o de tomadas estabilizadas;<\/li>\r\n \t<li>Estudo e projeto luminot\u00e9cnico;<\/li>\r\n \t<li>Ilumina\u00e7\u00e3o de emerg\u00eancia;<\/li>\r\n \t<li>Diagramas unifilares e trifilares;<\/li>\r\n \t<li>Esquema vertical<\/li>\r\n \t<li>Diagramas de comandos para o acionamento de bombas em ETE, reservat\u00f3rios de \u00e1guas;<\/li>\r\n \t<li>Desenvolvimento de detalhes de instala\u00e7\u00f5es, cortes e vistas;<\/li>\r\n \t<li>Cabines Prim\u00e1rias e Subesta\u00e7\u00f5es de Energia at\u00e9 13,8 kV e aprova\u00e7\u00e3o;<\/li>\r\n \t<li>Entrada de energia em baixa tens\u00e3o;<\/li>\r\n \t<li>Estimativa de cargas el\u00e9tricas para alimenta\u00e7\u00e3o de energia essencial atrav\u00e9s de geradores diesel;<\/li>\r\n \t<li>Dimensionamento de <em>nobreaks<\/em> para fornecimento de energia ininterrupto;<\/li>\r\n \t<li>Levantamento de instala\u00e7\u00f5es el\u00e9tricas existentes e elabora\u00e7\u00e3o de <em>As built<\/em>.<\/li>\r\n<\/ul>\r\n<strong>Elabora\u00e7\u00e3o de projeto de instala\u00e7\u00f5es para sistemas:<\/strong>\r\n<ul>\r\n \t<li>Infraestrutura para sistemas de telefone;<\/li>\r\n \t<li>Infraestrutura para sistemas de interfone;<\/li>\r\n \t<li>Infraestrutura para sistemas de cabeamento estruturado;<\/li>\r\n \t<li>Infraestrutura para sistemas de seguran\u00e7a patrimonial (CFTV);<\/li>\r\n \t<li>Infraestrutura para sistemas de detec\u00e7\u00e3o e Alarme de Inc\u00eandio.<\/li>\r\n<\/ul>\r\n<strong>Elabora\u00e7\u00e3o de projeto de instala\u00e7\u00f5es el\u00e9tricas para estabelecimento assistenciais de sa\u00fade para:<\/strong>\r\n<ul>\r\n \t<li>Conting\u00eancia de <em>No-Breaks<\/em> para as \u00e1reas cr\u00edticas;<\/li>\r\n \t<li>Conting\u00eancia de energia essencial atrav\u00e9s de geradores diesel;<\/li>\r\n \t<li>Aplica\u00e7\u00e3o de sistema IT-m\u00e9dico para os locais do grupo 2;<\/li>\r\n \t<li>Alimenta\u00e7\u00e3o das instala\u00e7\u00f5es para os ambientes do grupo 0, 1 e 2;<\/li>\r\n \t<li>Alimenta\u00e7\u00e3o das instala\u00e7\u00f5es para os ambientes da classe, 0,5s, 15s e maior que 15s;<\/li>\r\n \t<li>Alimenta\u00e7\u00e3o de tom\u00f3grafos, raio-x, cintilografias, angi\u00f3grafos, e outros equipamentos eletrom\u00e9dicos.<\/li>\r\n<\/ul>\t\t\t\t\t\t\t\t<\/div>\n\t\t\t\t<\/div>\n\t\t\t\t<div class=\"elementor-element elementor-element-d821d6c elementor-widget elementor-widget-image\" data-id=\"d821d6c\" data-element_type=\"widget\" data-e-type=\"widget\" data-widget_type=\"image.default\">\n\t\t\t\t<div class=\"elementor-widget-container\">\n\t\t\t\t\t\t\t\t\t\t\t\t\t\t\t<img fetchpriority=\"high\" decoding=\"async\" width=\"917\" height=\"489\" src=\"https:\/\/wcadengenharia.com.br\/portalx\/wp-content\/uploads\/2024\/09\/projetos-eletricos.webp\" class=\"attachment-full size-full wp-image-1449\" alt=\"\" srcset=\"https:\/\/wcadengenharia.com.br\/portalx\/wp-content\/uploads\/2024\/09\/projetos-eletricos.webp 917w, https:\/\/wcadengenharia.com.br\/portalx\/wp-content\/uploads\/2024\/09\/projetos-eletricos-300x160.webp 300w, https:\/\/wcadengenharia.com.br\/portalx\/wp-content\/uploads\/2024\/09\/projetos-eletricos-768x410.webp 768w\" sizes=\"(max-width: 917px) 100vw, 917px\" \/>\t\t\t\t\t\t\t\t\t\t\t\t\t\t\t<\/div>\n\t\t\t\t<\/div>\n\t\t\t\t<div class=\"elementor-element elementor-element-0e28173 elementor-widget elementor-widget-image\" data-id=\"0e28173\" data-element_type=\"widget\" data-e-type=\"widget\" data-widget_type=\"image.default\">\n\t\t\t\t<div class=\"elementor-widget-container\">\n\t\t\t\t\t\t\t\t\t\t\t\t\t\t\t<img decoding=\"async\" width=\"1920\" height=\"1024\" src=\"https:\/\/wcadengenharia.com.br\/portalx\/wp-content\/uploads\/2023\/11\/WCAD-ENGENHARIA-Laudos-Projetos-Consultoria-06.webp\" class=\"attachment-full size-full wp-image-1352\" alt=\"\" srcset=\"https:\/\/wcadengenharia.com.br\/portalx\/wp-content\/uploads\/2023\/11\/WCAD-ENGENHARIA-Laudos-Projetos-Consultoria-06.webp 1920w, https:\/\/wcadengenharia.com.br\/portalx\/wp-content\/uploads\/2023\/11\/WCAD-ENGENHARIA-Laudos-Projetos-Consultoria-06-300x160.webp 300w, https:\/\/wcadengenharia.com.br\/portalx\/wp-content\/uploads\/2023\/11\/WCAD-ENGENHARIA-Laudos-Projetos-Consultoria-06-1024x546.webp 1024w, https:\/\/wcadengenharia.com.br\/portalx\/wp-content\/uploads\/2023\/11\/WCAD-ENGENHARIA-Laudos-Projetos-Consultoria-06-768x410.webp 768w, https:\/\/wcadengenharia.com.br\/portalx\/wp-content\/uploads\/2023\/11\/WCAD-ENGENHARIA-Laudos-Projetos-Consultoria-06-1536x819.webp 1536w\" sizes=\"(max-width: 1920px) 100vw, 1920px\" \/>\t\t\t\t\t\t\t\t\t\t\t\t\t\t\t<\/div>\n\t\t\t\t<\/div>\n\t\t\t\t\t<\/div>\n\t\t\t\t<\/div>\n\t\t\t\t<\/div>\n\t\t","protected":false},"excerpt":{"rendered":"<p>Projetos El\u00e9tricos Desenvolvimento de projetos de instala\u00e7\u00f5es el\u00e9tricas para edif\u00edcios novos e retrofits: de baixa e m\u00e9dia tens\u00e3o at\u00e9 13,8 kV, atendendo aos mais variados nichos de utiliza\u00e7\u00e3o predial, s\u00e3o edifica\u00e7\u00f5es com o uso residencial de baixo e alto padr\u00e3o, edif\u00edcios comerciais e plantas industriais, por \u00faltimo unidades Estabelecimentos Assistenciais de Sa\u00fade (hospitalares), com solu\u00e7\u00f5es [&hellip;]<\/p>\n","protected":false},"author":3,"featured_media":0,"parent":0,"menu_order":0,"comment_status":"open","ping_status":"open","template":"","meta":{"footnotes":""},"class_list":["post-67","page","type-page","status-publish","hentry"],"_links":{"self":[{"href":"https:\/\/wcadengenharia.com.br\/portalx\/wp-json\/wp\/v2\/pages\/67","targetHints":{"allow":["GET"]}}],"collection":[{"href":"https:\/\/wcadengenharia.com.br\/portalx\/wp-json\/wp\/v2\/pages"}],"about":[{"href":"https:\/\/wcadengenharia.com.br\/portalx\/wp-json\/wp\/v2\/types\/page"}],"author":[{"embeddable":true,"href":"https:\/\/wcadengenharia.com.br\/portalx\/wp-json\/wp\/v2\/users\/3"}],"replies":[{"embeddable":true,"href":"https:\/\/wcadengenharia.com.br\/portalx\/wp-json\/wp\/v2\/comments?post=67"}],"version-history":[{"count":11,"href":"https:\/\/wcadengenharia.com.br\/portalx\/wp-json\/wp\/v2\/pages\/67\/revisions"}],"predecessor-version":[{"id":1452,"href":"https:\/\/wcadengenharia.com.br\/portalx\/wp-json\/wp\/v2\/pages\/67\/revisions\/1452"}],"wp:attachment":[{"href":"https:\/\/wcadengenharia.com.br\/portalx\/wp-json\/wp\/v2\/media?parent=67"}],"curies":[{"name":"wp","href":"https:\/\/api.w.org\/{rel}","templated":true}]}}