{"id":51,"date":"2014-05-23T13:34:51","date_gmt":"2014-05-23T13:34:51","guid":{"rendered":"http:\/\/www.wcadengenharia.com.br\/portalx\/?page_id=51"},"modified":"2024-09-11T15:17:45","modified_gmt":"2024-09-11T15:17:45","slug":"servicos","status":"publish","type":"page","link":"https:\/\/wcadengenharia.com.br\/portalx\/servicos\/","title":{"rendered":"Servi\u00e7os"},"content":{"rendered":"\t\t<div data-elementor-type=\"wp-page\" data-elementor-id=\"51\" class=\"elementor elementor-51\" data-elementor-post-type=\"page\">\n\t\t\t\t<div class=\"elementor-element elementor-element-49a5878f e-con-full e-flex e-con e-parent\" data-id=\"49a5878f\" data-element_type=\"container\" data-e-type=\"container\">\n\t\t\t\t<div class=\"elementor-element elementor-element-ab54a98 elementor-widget elementor-widget-heading\" data-id=\"ab54a98\" data-element_type=\"widget\" data-e-type=\"widget\" data-widget_type=\"heading.default\">\n\t\t\t\t<div class=\"elementor-widget-container\">\n\t\t\t\t\t<h2 class=\"elementor-heading-title elementor-size-default\">Servi\u00e7os<\/h2>\t\t\t\t<\/div>\n\t\t\t\t<\/div>\n\t\t\t\t<div class=\"elementor-element elementor-element-7300e8e1 elementor-widget elementor-widget-text-editor\" data-id=\"7300e8e1\" data-element_type=\"widget\" data-e-type=\"widget\" data-widget_type=\"text-editor.default\">\n\t\t\t\t<div class=\"elementor-widget-container\">\n\t\t\t\t\t\t\t\t\t\n<p><strong>LAUDOS T\u00c9CNICOS<\/strong><\/p>\n\n<ul class=\"wp-block-list\">\n<li><strong>SPDA<\/strong> &#8211;\u00a0<strong>SISTEMA DE PROTE\u00c7\u00c3O CONTRA DESCARGAS ATMOSF\u00c9RICAS<\/strong><\/li>\n<\/ul>\n\n<p>\u00c9 o sistema respons\u00e1vel por captar, direcionar e dissipar as descargas atmosf\u00e9ricas. Sua finalidade \u00e9 proteger as edifica\u00e7\u00f5es, bem como as pessoas e os equipamentos no interior das mesmas, dos riscos oriundos da incid\u00eancia direta dos raios.<\/p>\n\n<p>As medi\u00e7\u00f5es de resist\u00eancia de aterramento e de continuidade dos condutores do SPDA s\u00e3o realizadas atrav\u00e9s de equipamento em conformidade com as exig\u00eancias normativas, com certificado de calibra\u00e7\u00e3o emitido por \u00f3rg\u00e3o competente. Os resultados das medi\u00e7\u00f5es s\u00e3o emitidos com Anota\u00e7\u00e3o de Responsabilidade T\u00e9cnica &#8211; ART &#8211; e Certificado de Aferi\u00e7\u00e3o do equipamento, ambos anexados ao Laudo T\u00e9cnico.<\/p>\n\n<ul class=\"wp-block-list\">\n<li><strong>Objetivos<\/strong>:<\/li>\n<\/ul>\n\n<p>Sistema de Prote\u00e7\u00e3o contra Descargas Atmosf\u00e9ricas projetado e executado de acordo com as normas t\u00e9cnicas.<\/p>\n\n<p>Continuidade el\u00e9trica dos sistemas de capta\u00e7\u00e3o, descida, aterramento e equipotencializa\u00e7\u00e3o.<\/p>\n\n<p>Seguran\u00e7a patrimonial: fornecer um caminho seguro para correntes oriundas de descargas atmosf\u00e9ricas, reduzindo o risco de inc\u00eandios e danos materiais.<\/p>\n\n<p>Seguran\u00e7a pessoal: proteger as pessoas localizadas no interior da edifica\u00e7\u00e3o contra os riscos da incid\u00eancia direta dos raios.<\/p>\n\n<ul class=\"wp-block-list\">\n<li><strong>LAUDO\u00a0T\u00c9CNICO DAS INSTALA\u00c7\u00d5ES EL\u00c9TRICAS<\/strong><\/li>\n<\/ul>\n\n<p>\u00c9 um dos componentes do Relat\u00f3rio T\u00e9cnico de Inspe\u00e7\u00f5es (RTI), documento constituinte do Prontu\u00e1rio das Instala\u00e7\u00f5es El\u00e9tricas (PIE), abordado no subitem 10.2.4 al\u00ednea \u00a0\u201cg\u201d da NR 10.<\/p>\n\n<p>O laudo deve se basear nos dados de inspe\u00e7\u00e3o, medi\u00e7\u00e3o e ensaio realizados na documenta\u00e7\u00e3o t\u00e9cnica e nas instala\u00e7\u00f5es el\u00e9tricas da empresa com a finalidade de avaliar a sua conformidade com a Norma T\u00e9cnica Brasileira ABNT NBR 5410 (Instala\u00e7\u00f5es el\u00e9tricas em baixa tens\u00e3o), NBR 14039 (Instala\u00e7\u00f5es el\u00e9tricas em m\u00e9dia tens\u00e3o), NBR IEC 60079 (Atmosferas explosivas), NR 10, entre outras normas.<\/p>\n\n<p>Objetivos:<\/p>\n\n<p>Adequa\u00e7\u00e3o a NR 10 \u2013 Seguran\u00e7a em Instala\u00e7\u00f5es e Servi\u00e7os em Eletricidade, do Minist\u00e9rio do Trabalho e Emprego.<\/p>\n\n<p>Responsabilidade social da empresa.<\/p>\n\n<ul class=\"wp-block-list\">\n<li><strong>LAUDO T\u00c9CNICO DE RECUPERA\u00c7\u00c3O DE CR\u00c9DITO DE ICMS<\/strong><\/li>\n<\/ul>\n\n<p>Empresas comerciais ou industriais que desejam se creditar do ICMS destacado em suas faturas de energia el\u00e9trica devem possuir laudo t\u00e9cnico quantificando o consumo de energia el\u00e9trica destinado ao processo de transforma\u00e7\u00e3o.<\/p>\n\n<p>O laudo t\u00e9cnico deve ser emitido por empresa ou profissional habilitado.<br \/>O consumo de energia el\u00e9trica de setores administrativos n\u00e3o s\u00e3o pass\u00edveis de cr\u00e9dito do ICMS.<\/p>\n\n<ul class=\"wp-block-list\">\n<li><strong>Objetivos:<\/strong><\/li>\n<\/ul>\n\n<p>Valores compensados com d\u00e9bitos vincendos do ICMS.<\/p>\n\n<p>Retroatividade do cr\u00e9dito do ICMS .<\/p>\n\n<ul class=\"wp-block-list\">\n<li><strong>LAUDO T\u00c9CNICO DO SISTEMA DE\u00a0ATERRAMENTO EL\u00c9TRICO (RESIST\u00caNCIA \u00d4HMICA E CONTINUIDADE EL\u00c9TRICA)<\/strong><\/li>\n<\/ul>\n\n<p>O sistema de aterramento el\u00e9trico de uma edifica\u00e7\u00e3o \u00e9 respons\u00e1vel por fornecer seguran\u00e7a contra riscos de acidentes fatais, na ocorr\u00eancia de uma falha ou falta (curto-circuito), al\u00e9m de garantir confiabilidade \u00e0 instala\u00e7\u00e3o el\u00e9trica.<\/p>\n\n<p>A Norma Regulamentadora n\u00b0 10 (NR 10 \u2013 Seguran\u00e7a em instala\u00e7\u00f5es e servi\u00e7os em eletricidade) exige que sejam realizadas inspe\u00e7\u00f5es e medi\u00e7\u00f5es no sistema de aterramento el\u00e9trico, bem como nas documenta\u00e7\u00f5es relativas ao seu projeto. Os esquemas de aterramento, bem como suas caracter\u00edsticas e requisitos t\u00e9cnicos, s\u00e3o definidos nas normas t\u00e9cnicas NBR 5410 \u2013 Instala\u00e7\u00f5es el\u00e9tricas de baixa tens\u00e3o, NBR 14039 \u2013 Instala\u00e7\u00f5es el\u00e9tricas de m\u00e9dia tens\u00e3o de 1,0 kV a 36,2 kV, NBR 5419 \u2013 Prote\u00e7\u00e3o de estruturas contra descargas atmosf\u00e9ricas, al\u00e9m das normas de seguran\u00e7a contra inc\u00eandios do Corpo de Bombeiros, normas particulares das concession\u00e1rias de energia, entre outras.<\/p>\n\n<p>A WCAD.ENGENHARIA elabora laudo t\u00e9cnico de inspe\u00e7\u00f5es e medi\u00e7\u00f5es do sistema de aterramento el\u00e9trico da edifica\u00e7\u00e3o, de acordo com as metodologias prescritas na norma t\u00e9cnica NBR 15749 \u2013 Medi\u00e7\u00e3o de resist\u00eancia de aterramento e de potenciais na superf\u00edcie do solo em sistemas de aterramento &#8211; e em documenta\u00e7\u00f5es espec\u00edficas sobre o tema.<\/p>\n\n<p>As medi\u00e7\u00f5es de resist\u00eancia de aterramento e de continuidade dos condutores de prote\u00e7\u00e3o s\u00e3o realizadas atrav\u00e9s de equipamento em conformidade com as exig\u00eancias normativas, com certificado de calibra\u00e7\u00e3o emitido por \u00f3rg\u00e3o competente. Os resultados das medi\u00e7\u00f5es s\u00e3o emitidos com Anota\u00e7\u00e3o de Responsabilidade T\u00e9cnica &#8211; ART &#8211; e Certificado de Aferi\u00e7\u00e3o do equipamento, ambos anexados ao Laudo T\u00e9cnico.<\/p>\n\n<ul class=\"wp-block-list\">\n<li><strong>Objetivos<\/strong><\/li>\n<\/ul>\n\n<p>Valores de resist\u00eancia el\u00e9trica (resist\u00eancia \u00f4hmica) dentro dos limites exigidos.<\/p>\n\n<ul class=\"wp-block-list\">\n<li><strong>LAUDO T\u00c9CNICO DA INSTALA\u00c7\u00c3O EL\u00c9TRICA COM TERMOGRAFIA<\/strong><\/li>\n<\/ul>\n\n<p>A termografia est\u00e1 fundamentada na manuten\u00e7\u00e3o &#8220;Preventiva e Preditiva&#8221; em diversos segmentos, tais como: ind\u00fastrias metal\u00fargicas, qu\u00edmicas, t\u00eaxteis, sider\u00fargicas, pl\u00e1sticos, cimento, petroqu\u00edmicas, papel e celulose, condom\u00ednios comerciais e residenciais, etc. Dadas suas caracter\u00edsticas de f\u00e1cil visualiza\u00e7\u00e3o e velocidade, a termografia permite a inspe\u00e7\u00e3o de grande quantidade de equipamentos em &#8220;curto espa\u00e7o de tempo&#8221;. Nas imagens abaixo, exemplificamos a termografia em algumas \u00e1reas importantes para manuten\u00e7\u00e3o el\u00e9trica:<br \/><br \/><\/p>\n\n<figure class=\"wp-block-image\"><em><strong>Inspe\u00e7\u00e3o termogr\u00e1fica<\/strong><\/em><\/figure>\n<figure class=\"wp-block-image\"><a href=\"https:\/\/wcadengenharia.com.br\/portalx\/wp-content\/uploads\/2024\/09\/Inspecao-termografica.webp\"><img fetchpriority=\"high\" decoding=\"async\" class=\"aligncenter wp-image-1435 size-full\" src=\"https:\/\/wcadengenharia.com.br\/portalx\/wp-content\/uploads\/2024\/09\/Inspecao-termografica.webp\" alt=\"\" width=\"525\" height=\"519\" srcset=\"https:\/\/wcadengenharia.com.br\/portalx\/wp-content\/uploads\/2024\/09\/Inspecao-termografica.webp 525w, https:\/\/wcadengenharia.com.br\/portalx\/wp-content\/uploads\/2024\/09\/Inspecao-termografica-300x297.webp 300w\" sizes=\"(max-width: 525px) 100vw, 525px\" \/><\/a><\/figure>\n\n<p><em><strong><br \/><br \/>Manuten\u00e7\u00e3o em cabines prim\u00e1rias<\/strong><\/em><\/p>\n<p><a href=\"https:\/\/wcadengenharia.com.br\/portalx\/wp-content\/uploads\/2024\/09\/Manutencao-em-cabines-primarias.webp\"><img decoding=\"async\" class=\"aligncenter wp-image-1434 size-full\" src=\"https:\/\/wcadengenharia.com.br\/portalx\/wp-content\/uploads\/2024\/09\/Manutencao-em-cabines-primarias.webp\" alt=\"\" width=\"671\" height=\"633\" srcset=\"https:\/\/wcadengenharia.com.br\/portalx\/wp-content\/uploads\/2024\/09\/Manutencao-em-cabines-primarias.webp 671w, https:\/\/wcadengenharia.com.br\/portalx\/wp-content\/uploads\/2024\/09\/Manutencao-em-cabines-primarias-300x283.webp 300w\" sizes=\"(max-width: 671px) 100vw, 671px\" \/><\/a><\/p>\n<p>\u00a0<\/p>\n<p>\u00a0<\/p>\n<p><em><strong>Instala\u00e7\u00e3o de grupo geradores com aux\u00edlio de guindaste<\/strong><\/em><\/p>\n<p><a href=\"https:\/\/wcadengenharia.com.br\/portalx\/wp-content\/uploads\/2024\/09\/Instalacao-de-grupo-geradores-com-auxilio-de-guindaste.webp\"><img decoding=\"async\" class=\"alignnone wp-image-1445 size-large\" src=\"https:\/\/wcadengenharia.com.br\/portalx\/wp-content\/uploads\/2024\/09\/Instalacao-de-grupo-geradores-com-auxilio-de-guindaste-1024x466.webp\" alt=\"\" width=\"800\" height=\"364\" srcset=\"https:\/\/wcadengenharia.com.br\/portalx\/wp-content\/uploads\/2024\/09\/Instalacao-de-grupo-geradores-com-auxilio-de-guindaste-1024x466.webp 1024w, https:\/\/wcadengenharia.com.br\/portalx\/wp-content\/uploads\/2024\/09\/Instalacao-de-grupo-geradores-com-auxilio-de-guindaste-300x136.webp 300w, https:\/\/wcadengenharia.com.br\/portalx\/wp-content\/uploads\/2024\/09\/Instalacao-de-grupo-geradores-com-auxilio-de-guindaste-768x349.webp 768w, https:\/\/wcadengenharia.com.br\/portalx\/wp-content\/uploads\/2024\/09\/Instalacao-de-grupo-geradores-com-auxilio-de-guindaste.webp 1049w\" sizes=\"(max-width: 800px) 100vw, 800px\" \/><\/a><\/p>\n<p>\u00a0<\/p>\n<p><strong>Vantagens:<\/strong><\/p>\n\n<p>&#8211; Redu\u00e7\u00e3o da manuten\u00e7\u00e3o corretiva (Reativa);<br \/>&#8211; Redu\u00e7\u00e3o no consumo de energia el\u00e9trica e aumento da confiabilidade do sistema el\u00e9trico;<br \/>&#8211; Redu\u00e7\u00e3o no custo de manuten\u00e7\u00e3o;<br \/>&#8211; Aumento da VIDA \u00daTIL das partes e dos componentes das m\u00e1quinas.<\/p>\n\n<figure class=\"wp-block-table\">\n<table>\n<tbody>\n<tr>\n<td>\u00a0<\/td>\n<\/tr>\n<\/tbody>\n<\/table>\n<\/figure>\n\t\t\t\t\t\t\t\t<\/div>\n\t\t\t\t<\/div>\n\t\t\t\t<div class=\"elementor-element elementor-element-395a6c0 elementor-hidden-desktop elementor-hidden-tablet elementor-hidden-mobile elementor-widget elementor-widget-image\" data-id=\"395a6c0\" data-element_type=\"widget\" data-e-type=\"widget\" data-widget_type=\"image.default\">\n\t\t\t\t<div class=\"elementor-widget-container\">\n\t\t\t\t\t\t\t\t\t\t\t\t\t\t\t<img loading=\"lazy\" decoding=\"async\" width=\"1920\" height=\"1024\" src=\"https:\/\/wcadengenharia.com.br\/portalx\/wp-content\/uploads\/2023\/11\/WCAD-ENGENHARIA-Laudos-Projetos-Consultoria-01.webp\" class=\"attachment-full size-full wp-image-1209\" alt=\"\" srcset=\"https:\/\/wcadengenharia.com.br\/portalx\/wp-content\/uploads\/2023\/11\/WCAD-ENGENHARIA-Laudos-Projetos-Consultoria-01.webp 1920w, https:\/\/wcadengenharia.com.br\/portalx\/wp-content\/uploads\/2023\/11\/WCAD-ENGENHARIA-Laudos-Projetos-Consultoria-01-300x160.webp 300w, https:\/\/wcadengenharia.com.br\/portalx\/wp-content\/uploads\/2023\/11\/WCAD-ENGENHARIA-Laudos-Projetos-Consultoria-01-1024x546.webp 1024w, https:\/\/wcadengenharia.com.br\/portalx\/wp-content\/uploads\/2023\/11\/WCAD-ENGENHARIA-Laudos-Projetos-Consultoria-01-768x410.webp 768w, https:\/\/wcadengenharia.com.br\/portalx\/wp-content\/uploads\/2023\/11\/WCAD-ENGENHARIA-Laudos-Projetos-Consultoria-01-1536x819.webp 1536w\" sizes=\"(max-width: 1920px) 100vw, 1920px\" \/>\t\t\t\t\t\t\t\t\t\t\t\t\t\t\t<\/div>\n\t\t\t\t<\/div>\n\t\t\t\t<\/div>\n\t\t\t\t<\/div>\n\t\t","protected":false},"excerpt":{"rendered":"<p>Servi\u00e7os LAUDOS T\u00c9CNICOS \u00c9 o sistema respons\u00e1vel por captar, direcionar e dissipar as descargas atmosf\u00e9ricas. Sua finalidade \u00e9 proteger as edifica\u00e7\u00f5es, bem como as pessoas e os equipamentos no interior das mesmas, dos riscos oriundos da incid\u00eancia direta dos raios. As medi\u00e7\u00f5es de resist\u00eancia de aterramento e de continuidade dos condutores do SPDA s\u00e3o realizadas [&hellip;]<\/p>\n","protected":false},"author":1,"featured_media":0,"parent":0,"menu_order":40,"comment_status":"open","ping_status":"open","template":"elementor_header_footer","meta":{"footnotes":""},"class_list":["post-51","page","type-page","status-publish","hentry"],"_links":{"self":[{"href":"https:\/\/wcadengenharia.com.br\/portalx\/wp-json\/wp\/v2\/pages\/51","targetHints":{"allow":["GET"]}}],"collection":[{"href":"https:\/\/wcadengenharia.com.br\/portalx\/wp-json\/wp\/v2\/pages"}],"about":[{"href":"https:\/\/wcadengenharia.com.br\/portalx\/wp-json\/wp\/v2\/types\/page"}],"author":[{"embeddable":true,"href":"https:\/\/wcadengenharia.com.br\/portalx\/wp-json\/wp\/v2\/users\/1"}],"replies":[{"embeddable":true,"href":"https:\/\/wcadengenharia.com.br\/portalx\/wp-json\/wp\/v2\/comments?post=51"}],"version-history":[{"count":30,"href":"https:\/\/wcadengenharia.com.br\/portalx\/wp-json\/wp\/v2\/pages\/51\/revisions"}],"predecessor-version":[{"id":1464,"href":"https:\/\/wcadengenharia.com.br\/portalx\/wp-json\/wp\/v2\/pages\/51\/revisions\/1464"}],"wp:attachment":[{"href":"https:\/\/wcadengenharia.com.br\/portalx\/wp-json\/wp\/v2\/media?parent=51"}],"curies":[{"name":"wp","href":"https:\/\/api.w.org\/{rel}","templated":true}]}}