{"id":116,"date":"2017-01-02T14:45:47","date_gmt":"2017-01-02T14:45:47","guid":{"rendered":"http:\/\/www.wcadengenharia.com.br\/portalx\/?page_id=116"},"modified":"2024-09-11T15:15:51","modified_gmt":"2024-09-11T15:15:51","slug":"medicao-com-analisador-de-energia","status":"publish","type":"page","link":"https:\/\/wcadengenharia.com.br\/portalx\/medicao-com-analisador-de-energia\/","title":{"rendered":"Laudo e An\u00e1lise da Qualidade de Energia El\u00e9trica"},"content":{"rendered":"\t\t<div data-elementor-type=\"wp-page\" data-elementor-id=\"116\" class=\"elementor elementor-116\" data-elementor-post-type=\"page\">\n\t\t\t\t<div class=\"elementor-element elementor-element-54de2b81 e-flex e-con-boxed e-con e-parent\" data-id=\"54de2b81\" data-element_type=\"container\" data-e-type=\"container\">\n\t\t\t\t\t<div class=\"e-con-inner\">\n\t\t\t\t<div class=\"elementor-element elementor-element-dc46089 elementor-widget elementor-widget-heading\" data-id=\"dc46089\" data-element_type=\"widget\" data-e-type=\"widget\" data-widget_type=\"heading.default\">\n\t\t\t\t<div class=\"elementor-widget-container\">\n\t\t\t\t\t<h2 class=\"elementor-heading-title elementor-size-default\">Laudo e An\u00e1lise da Qualidade de Energia El\u00e9trica<\/h2>\t\t\t\t<\/div>\n\t\t\t\t<\/div>\n\t\t\t\t<div class=\"elementor-element elementor-element-5d08f364 elementor-widget elementor-widget-text-editor\" data-id=\"5d08f364\" data-element_type=\"widget\" data-e-type=\"widget\" data-widget_type=\"text-editor.default\">\n\t\t\t\t<div class=\"elementor-widget-container\">\n\t\t\t\t\t\t\t\t\t\n<p><strong>An\u00e1lise de Qualidade de Energia El\u00e9trica<\/strong><\/p>\n\n\n\n<p>A qualidade da energia entregue aos consumidores \u00e9 um tema de import\u00e2ncia crescente. &nbsp;Atento a isto, a WCAD qualificou-se para realizar an\u00e1lises que englobam medi\u00e7\u00f5es de harm\u00f4nicos, de flutua\u00e7\u00e3o de tens\u00e3o, de varia\u00e7\u00e3o de tens\u00e3o de curta dura\u00e7\u00e3o (VCTD) e de desequil\u00edbrio. Tais an\u00e1lises permitem caracterizar a qualidade de energia em um determinado ponto do sistema el\u00e9trico, avaliar causas de eventuais problemas,identificar e diagnosticar problemas de consumidores ou da rede el\u00e9trica.<\/p>\n\n\n\n<p><strong>Caracter\u00edsticas:<\/strong><\/p>\n\n\n\n<ul class=\"wp-block-list\">\n<li>Medi\u00e7\u00e3o de pot\u00eancia de acordo com a IEEE 1459 (ativa, n\u00e3o ativa, fundamental, harm\u00f3nicos, balanceamento de cargas);<\/li>\n\n\n\n<li>Harm\u00f4nicas e an\u00e1lise de inter-harm\u00f4nicas at\u00e9 ao 50\u00aa, medi\u00e7\u00e3o de THD;<\/li>\n\n\n\n<li>Energia (ativa, reativa, gerada, consumida);<\/li>\n\n\n\n<li>Captura e registo de eventos de sistemas de alimenta\u00e7\u00e3o (<em>shutdowns<\/em>, interrup\u00e7\u00f5es, micro cortes, etc);<\/li>\n\n\n\n<li>An\u00e1lise da qualidade de energia de acordo com a norma EN 50160 e IEC 61000-4-30 Classe A.<\/li>\n<\/ul>\n\n\n\n<p><strong>Aplica\u00e7\u00f5es:<\/strong><\/p>\n\n\n\n<ul class=\"wp-block-list\">\n<li>Auditorias de qualidade de energia e repara\u00e7\u00e3o de sistemas el\u00e9tricos de baixa tens\u00e3o.<\/li>\n\n\n\n<li>Verifica\u00e7\u00e3o da efic\u00e1cia de sistemas de corre\u00e7\u00e3o do fator de pot\u00eancia como bancos de condensadores;<\/li>\n\n\n\n<li>An\u00e1lises de longa dura\u00e7\u00e3o;<\/li>\n\n\n\n<li>Manuten\u00e7\u00e3o preventiva;<\/li>\n\n\n\n<li>Verifica\u00e7\u00e3o da capacidade de um sistema el\u00e9trico antes de se adicionarem mais cargas;<\/li>\n\n\n\n<li>Analise de consumo de energia el\u00e9trica;<\/li>\n<\/ul>\n\t\t\t\t\t\t\t\t<\/div>\n\t\t\t\t<\/div>\n\t\t\t\t<div class=\"elementor-element elementor-element-08b67a1 elementor-widget elementor-widget-image\" data-id=\"08b67a1\" data-element_type=\"widget\" data-e-type=\"widget\" data-widget_type=\"image.default\">\n\t\t\t\t<div class=\"elementor-widget-container\">\n\t\t\t\t\t\t\t\t\t\t\t\t\t\t\t<img fetchpriority=\"high\" decoding=\"async\" width=\"1020\" height=\"490\" src=\"https:\/\/wcadengenharia.com.br\/portalx\/wp-content\/uploads\/2024\/09\/Laudo-e-Analise-da-Qualidade-de-Energia-Eletrica.webp\" class=\"attachment-full size-full wp-image-1458\" alt=\"\" srcset=\"https:\/\/wcadengenharia.com.br\/portalx\/wp-content\/uploads\/2024\/09\/Laudo-e-Analise-da-Qualidade-de-Energia-Eletrica.webp 1020w, https:\/\/wcadengenharia.com.br\/portalx\/wp-content\/uploads\/2024\/09\/Laudo-e-Analise-da-Qualidade-de-Energia-Eletrica-300x144.webp 300w, https:\/\/wcadengenharia.com.br\/portalx\/wp-content\/uploads\/2024\/09\/Laudo-e-Analise-da-Qualidade-de-Energia-Eletrica-768x369.webp 768w\" sizes=\"(max-width: 1020px) 100vw, 1020px\" \/>\t\t\t\t\t\t\t\t\t\t\t\t\t\t\t<\/div>\n\t\t\t\t<\/div>\n\t\t\t\t\t<\/div>\n\t\t\t\t<\/div>\n\t\t\t\t<\/div>\n\t\t","protected":false},"excerpt":{"rendered":"<p>Laudo e An\u00e1lise da Qualidade de Energia El\u00e9trica An\u00e1lise de Qualidade de Energia El\u00e9trica A qualidade da energia entregue aos consumidores \u00e9 um tema de import\u00e2ncia crescente. &nbsp;Atento a isto, a WCAD qualificou-se para realizar an\u00e1lises que englobam medi\u00e7\u00f5es de harm\u00f4nicos, de flutua\u00e7\u00e3o de tens\u00e3o, de varia\u00e7\u00e3o de tens\u00e3o de curta dura\u00e7\u00e3o (VCTD) e de [&hellip;]<\/p>\n","protected":false},"author":3,"featured_media":0,"parent":0,"menu_order":0,"comment_status":"closed","ping_status":"open","template":"elementor_header_footer","meta":{"footnotes":""},"class_list":["post-116","page","type-page","status-publish","hentry"],"_links":{"self":[{"href":"https:\/\/wcadengenharia.com.br\/portalx\/wp-json\/wp\/v2\/pages\/116","targetHints":{"allow":["GET"]}}],"collection":[{"href":"https:\/\/wcadengenharia.com.br\/portalx\/wp-json\/wp\/v2\/pages"}],"about":[{"href":"https:\/\/wcadengenharia.com.br\/portalx\/wp-json\/wp\/v2\/types\/page"}],"author":[{"embeddable":true,"href":"https:\/\/wcadengenharia.com.br\/portalx\/wp-json\/wp\/v2\/users\/3"}],"replies":[{"embeddable":true,"href":"https:\/\/wcadengenharia.com.br\/portalx\/wp-json\/wp\/v2\/comments?post=116"}],"version-history":[{"count":38,"href":"https:\/\/wcadengenharia.com.br\/portalx\/wp-json\/wp\/v2\/pages\/116\/revisions"}],"predecessor-version":[{"id":1461,"href":"https:\/\/wcadengenharia.com.br\/portalx\/wp-json\/wp\/v2\/pages\/116\/revisions\/1461"}],"wp:attachment":[{"href":"https:\/\/wcadengenharia.com.br\/portalx\/wp-json\/wp\/v2\/media?parent=116"}],"curies":[{"name":"wp","href":"https:\/\/api.w.org\/{rel}","templated":true}]}}